{"id":660,"date":"2020-09-09T17:43:01","date_gmt":"2020-09-09T16:43:01","guid":{"rendered":"http:\/\/expo.coherences.com\/BLOG-HM\/?page_id=660"},"modified":"2020-09-22T09:38:04","modified_gmt":"2020-09-22T08:38:04","slug":"mentions-legales","status":"publish","type":"page","link":"http:\/\/expo.coherences.com\/BLOG-HM\/mentions-legales\/","title":{"rendered":"Mentions l\u00e9gales"},"content":{"rendered":"\t\t<div data-elementor-type=\"wp-page\" data-elementor-id=\"660\" class=\"elementor elementor-660\">\n\t\t\t\t\t\t<section class=\"elementor-section elementor-top-section elementor-element elementor-element-dbcea84 elementor-section-boxed elementor-section-height-default elementor-section-height-default parallax_section_no qode_elementor_container_no\" data-id=\"dbcea84\" data-element_type=\"section\">\n\t\t\t\t\t\t<div class=\"elementor-container elementor-column-gap-default\">\n\t\t\t\t\t<div class=\"elementor-column elementor-col-100 elementor-top-column elementor-element elementor-element-2337279\" data-id=\"2337279\" data-element_type=\"column\">\n\t\t\t<div class=\"elementor-widget-wrap elementor-element-populated\">\n\t\t\t\t\t\t<div class=\"elementor-element elementor-element-6114513 elementor-widget elementor-widget-text-editor\" data-id=\"6114513\" data-element_type=\"widget\" data-widget_type=\"text-editor.default\">\n\t\t\t\t<div class=\"elementor-widget-container\">\n\t\t\t\t\t\t\t\t\t<p align=\"left\"><span style=\"font-family: Raleway, sans-serif;\"><span style=\"font-size: medium;\"><span style=\"color: #333333;\">En vertu de l\u2019article 6 de la loi n\u00b0 2004-575 du 21 juin 2004 pour la confiance dans l\u2019\u00e9conomie num\u00e9rique, il est pr\u00e9cis\u00e9 aux utilisateurs du site <span lang=\"zxx\">expo.coherences.com\/BLOG-HM<\/span>\u00a0l\u2019identit\u00e9 des diff\u00e9rents intervenants dans le cadre de sa r\u00e9alisation et de son suivi :<\/span><\/span><\/span><\/p><p align=\"left\"><span style=\"font-size: medium;\"><span style=\"color: #333333;\"><span style=\"font-family: Raleway, sans-serif;\">Le site expo.coherences.com\/BLOG-HM est \u00e9dit\u00e9 par\u00a0<\/span><\/span><span style=\"color: #333333;\">Roger Nifle<\/span><span style=\"color: #333333;\">.<br \/><\/span><span style=\"color: #333333;\"><u>Responsable de la publication<\/u><\/span><span style=\"color: #333333;\">:\u00a0<\/span><span style=\"color: #333333;\">Roger Nifle<\/span><span style=\"color: #333333;\">.<br \/><\/span><span style=\"color: #333333;\"><u>\u00c9mail<\/u><\/span><span style=\"color: #333333;\"> : <\/span><span style=\"color: #333333;\">rnifle@coherences.com<\/span><span style=\"color: #333333;\"> <br \/><\/span><span style=\"color: #333333;\"><u>H\u00e9bergeur<\/u><\/span><span style=\"color: #333333;\">\u00a0: <\/span><span style=\"color: #333333;\">OVH<\/span> <\/span><\/p><p align=\"left\"><span style=\"font-size: medium;\"><span style=\"color: #333333;\"><span style=\"font-family: Raleway, sans-serif;\"><u>Num\u00e9ro SIRET<\/u>\u00a0: <br \/><u>Num\u00e9ro immatriculation RCS<\/u>\u00a0: RCS <br \/><u>T\u00e9l\u00e9phone<\/u>: 06 <\/span><\/span><span style=\"color: #333333;\">32 31 78 63<\/span><\/span><\/p><p align=\"left\"><span style=\"font-size: medium;\"><span style=\"color: #333333;\">\u00a0<\/span><\/span><\/p><p><span style=\"font-family: Raleway, sans-serif;\"><span style=\"font-size: medium;\"><b><span style=\"color: #333333;\">1. Conditions g\u00e9n\u00e9rales d\u2019utilisation du site et des services propos\u00e9s<\/span><\/b><\/span><\/span><\/p><p align=\"justify\"><span style=\"font-family: Raleway, sans-serif;\"><span style=\"font-size: medium;\"><span style=\"color: #333333;\">L\u2019utilisation du site\u00a0\u00a0expo.coherences.com\/BLOG-HM<span lang=\"zxx\">\u00a0<\/span>\u00a0implique l\u2019acceptation pleine et enti\u00e8re des conditions g\u00e9n\u00e9rales d\u2019utilisation ci-apr\u00e8s d\u00e9crites. Ces conditions d\u2019utilisation sont susceptibles d\u2019\u00eatre modifi\u00e9es ou compl\u00e9t\u00e9es \u00e0 tout moment, les utilisateurs du site\u00a0\u00a0expo.coherences.com\/BLOG-HM<span lang=\"zxx\">\u00a0<\/span>\u00a0sont donc invit\u00e9s \u00e0 les consulter de mani\u00e8re r\u00e9guli\u00e8re.<\/span><\/span><\/span><\/p><p align=\"justify\"><span style=\"font-family: Raleway, sans-serif;\"><span style=\"font-size: medium;\"><span style=\"color: #333333;\">Ce site est normalement accessible \u00e0 tout moment aux utilisateurs. Une interruption pour raison de maintenance technique peut \u00eatre toutefois d\u00e9cid\u00e9e par\u00a0Roger Nifle, qui s\u2019efforcera alors de communiquer pr\u00e9alablement aux utilisateurs les dates et heures de l\u2019intervention.<\/span><\/span><\/span><\/p><p align=\"justify\"><span style=\"font-family: Raleway, sans-serif;\"><span style=\"font-size: medium;\"><span style=\"color: #333333;\">Le site\u00a0\u00a0expo.coherences.com\/BLOG-HM<span lang=\"zxx\">\u00a0<\/span>\u00a0est mis \u00e0 jour r\u00e9guli\u00e8rement par\u00a0Roger Nifle. De la m\u00eame fa\u00e7on, les mentions l\u00e9gales peuvent \u00eatre modifi\u00e9es \u00e0 tout moment : elles s\u2019imposent n\u00e9anmoins \u00e0 l\u2019utilisateur qui est invit\u00e9 \u00e0 s\u2019y r\u00e9f\u00e9rer le plus souvent possible afin d\u2019en prendre connaissance.<\/span><\/span><\/span><\/p><p align=\"justify\"><span style=\"font-family: Raleway, sans-serif;\"><span style=\"font-size: medium;\"><span style=\"color: #333333;\">\u00a0<\/span><\/span><\/span><\/p><p><span style=\"font-family: Raleway, sans-serif;\"><span style=\"font-size: medium;\"><b><span style=\"color: #333333;\">2. Description des services fournis<\/span><\/b><\/span><\/span><\/p><p align=\"justify\"><span style=\"font-family: Raleway, sans-serif;\"><span style=\"font-size: medium;\"><span style=\"color: #333333;\">Le site\u00a0\u00a0expo.coherences.com\/BLOG-HM<span lang=\"zxx\">\u00a0<\/span>\u00a0a pour objet de fournir une information concernant l\u2019ensemble des activit\u00e9s de la soci\u00e9t\u00e9.<\/span><\/span><\/span><\/p><p align=\"justify\"><span style=\"font-size: medium;\"><span style=\"color: #333333;\"><span lang=\"fr-FR\"><span style=\"font-family: Raleway, sans-serif;\">Roger Nifle<\/span><\/span><\/span><span style=\"color: #333333;\">\u00a0s\u2019efforce de fournir sur le site\u00a0\u00a0expo.coherences.com\/BLOG-HM<\/span><span style=\"color: #333333;\"><span lang=\"zxx\">\u00a0<\/span><\/span><span style=\"color: #333333;\">\u00a0des informations aussi pr\u00e9cises que possible. Toutefois,\u00a0<\/span><span style=\"color: #333333;\">il<\/span><span style=\"color: #333333;\">\u00a0ne pourra \u00eatre tenu\u00a0responsable des omissions, des inexactitudes et des carences dans la mise \u00e0 jour, qu\u2019elles soient de son fait ou du fait des tiers partenaires qui lui fournissent ces informations.<\/span><\/span><\/p><p align=\"justify\"><span style=\"font-family: Raleway, sans-serif;\"><span style=\"font-size: medium;\"><span style=\"color: #333333;\">Toutes les informations indiqu\u00e9es sur le site\u00a0expo.coherences.com\/BLOG-HM<span lang=\"zxx\">\u00a0<\/span>\u00a0sont donn\u00e9es \u00e0 titre indicatif, et sont susceptibles d\u2019\u00e9voluer. Par ailleurs, les renseignements figurant sur le site\u00a0expo.coherences.com\/BLOG-HM<span lang=\"zxx\">\u00a0<\/span>\u00a0ne sont pas exhaustifs. Ils sont donn\u00e9s sous r\u00e9serve de modifications ayant \u00e9t\u00e9 apport\u00e9es depuis leur mise en ligne.<\/span><\/span><\/span><\/p><p align=\"justify\"><span style=\"font-family: Raleway, sans-serif;\"><span style=\"font-size: medium;\"><span style=\"color: #333333;\">Le site Internet ne pourra \u00eatre tenu responsable de dommages mat\u00e9riels li\u00e9s \u00e0 l\u2019utilisation du site. De plus, l\u2019utilisateur du site s\u2019engage \u00e0 acc\u00e9der au site en utilisant un mat\u00e9riel r\u00e9cent, ne contenant pas de virus et avec un navigateur de derni\u00e8re g\u00e9n\u00e9ration mis \u00e0 jour.<\/span><\/span><\/span><\/p><p align=\"justify\"><span style=\"font-family: Raleway, sans-serif;\"><span style=\"font-size: medium;\"><span style=\"color: #333333;\">\u00a0<\/span><\/span><\/span><\/p><p><span style=\"font-family: Raleway, sans-serif;\"><span style=\"font-size: medium;\"><b><span style=\"color: #333333;\">3. Propri\u00e9t\u00e9 intellectuelle et contrefa\u00e7ons<\/span><\/b><\/span><\/span><\/p><p align=\"justify\"><span style=\"font-family: Raleway, sans-serif;\"><span style=\"font-size: medium;\"><span style=\"color: #333333;\">Roger Nifle \u2013 expo.coherences.com\/BLOG-HM\u00a0est propri\u00e9taire des droits de propri\u00e9t\u00e9 intellectuelle ou d\u00e9tient les droits d\u2019usage sur tous les \u00e9l\u00e9ments accessibles sur le site, notamment les textes, images, graphismes, logo, ic\u00f4nes, sons, logiciels.<\/span><\/span><\/span><\/p><p align=\"justify\"><span style=\"font-family: Raleway, sans-serif;\"><span style=\"font-size: medium;\"><span style=\"color: #333333;\">Toute reproduction, repr\u00e9sentation, modification, publication, adaptation de tout ou partie des \u00e9l\u00e9ments du site, quel que soit le moyen ou le proc\u00e9d\u00e9 utilis\u00e9, est interdite, sauf autorisation \u00e9crite pr\u00e9alable de :\u00a0Roger Nifle.<\/span><\/span><\/span><\/p><p align=\"justify\"><span style=\"font-family: Raleway, sans-serif;\"><span style=\"font-size: medium;\"><span style=\"color: #333333;\">Toute exploitation non autoris\u00e9e du site ou de l\u2019un quelconque des \u00e9l\u00e9ments qu\u2019il contient sera consid\u00e9r\u00e9e comme constitutive d\u2019une contrefa\u00e7on et poursuivie conform\u00e9ment aux dispositions des articles L.335-2 et suivants du Code de Propri\u00e9t\u00e9 Intellectuelle.<\/span><\/span><\/span><\/p><p align=\"justify\"><span style=\"font-family: Raleway, sans-serif;\"><span style=\"font-size: medium;\"><span style=\"color: #333333;\">\u00a0<\/span><\/span><\/span><\/p><p><span style=\"font-family: Raleway, sans-serif;\"><span style=\"font-size: medium;\"><b><span style=\"color: #333333;\">4. Limitations de responsabilit\u00e9<\/span><\/b><\/span><\/span><\/p><p align=\"justify\"><span style=\"font-family: Raleway, sans-serif;\"><span style=\"font-size: medium;\"><span style=\"color: #333333;\">expo.coherences.com\/BLOG-HM\u00a0ne pourra \u00eatre tenu responsable des dommages directs et indirects caus\u00e9s au mat\u00e9riel de l\u2019utilisateur, lors de l\u2019acc\u00e8s au site\u00a0expo.coherences.com\/BLOG-HM\u00a0, et r\u00e9sultant soit de l\u2019utilisation d\u2019un mat\u00e9riel ne r\u00e9pondant pas aux sp\u00e9cifications indiqu\u00e9es au point\u00a02, soit de l\u2019apparition d\u2019un bug ou d\u2019une incompatibilit\u00e9.<\/span><\/span><\/span><\/p><p align=\"justify\"><span style=\"font-family: Raleway, sans-serif;\"><span style=\"font-size: medium;\"><span style=\"color: #333333;\">Des espaces interactifs (possibilit\u00e9 de poser des questions dans l\u2019espace contact) sont \u00e0 la disposition des utilisateurs. Roger Nifle \u2013 expo.coherences.com\/BLOG-HM se r\u00e9serve le droit de supprimer, sans mise en demeure pr\u00e9alable, tout contenu d\u00e9pos\u00e9 dans cet espace qui contreviendrait \u00e0 la l\u00e9gislation applicable en France, en particulier aux dispositions relatives \u00e0 la protection des donn\u00e9es. Le cas \u00e9ch\u00e9ant, Roger Nifle \u2013 expo.coherences.com\/BLOG-HM se r\u00e9serve \u00e9galement la possibilit\u00e9 de mettre en cause la responsabilit\u00e9 civile et\/ou p\u00e9nale de l\u2019utilisateur, notamment en cas de message \u00e0 caract\u00e8re raciste, injurieux, diffamant, ou pornographique, quel que soit le support utilis\u00e9 (texte, photographie\u2026).<\/span><\/span><\/span><\/p><p align=\"justify\"><span style=\"font-family: Raleway, sans-serif;\"><span style=\"font-size: medium;\"><span style=\"color: #333333;\">\u00a0<\/span><\/span><\/span><\/p><p><span style=\"font-family: Raleway, sans-serif;\"><span style=\"font-size: medium;\"><b><span style=\"color: #333333;\">5. Gestion des donn\u00e9es personnelles<\/span><\/b><\/span><\/span><\/p><p align=\"justify\"><span style=\"font-family: Raleway, sans-serif;\"><span style=\"font-size: medium;\"><span style=\"color: #333333;\">En France, les donn\u00e9es personnelles sont notamment prot\u00e9g\u00e9es par la loi n\u00b0 78-87 du 6 janvier 1978, la loi n\u00b0 2004-801 du 6 ao\u00fbt 2004, l\u2019article L. 226-13 du Code p\u00e9nal et la Directive Europ\u00e9enne du 24 octobre 1995.<\/span><\/span><\/span><\/p><p align=\"justify\"><span style=\"font-family: Raleway, sans-serif;\"><span style=\"font-size: medium;\"><span style=\"color: #333333;\">\u00c0\u00a0l\u2019occasion de l\u2019utilisation du site\u00a0expo.coherences.com\/BLOG-HM, peuvent \u00eatre recueillis : l\u2019URL des liens par l\u2019interm\u00e9diaire desquels l\u2019utilisateur a acc\u00e9d\u00e9 au site\u00a0expo.coherences.com\/BLOG-HM, le fournisseur d\u2019acc\u00e8s de l\u2019utilisateur, l\u2019adresse de protocole Internet (IP) de l\u2019utilisateur.<\/span><\/span><\/span><\/p><p align=\"justify\"><span style=\"font-family: Raleway, sans-serif;\"><span style=\"font-size: medium;\"><span style=\"color: #333333;\">En tout \u00e9tat de cause\u00a0expo.coherences.com\/BLOG-HM\u00a0ne collecte des informations personnelles relatives \u00e0 l\u2019utilisateur que pour le besoin de certains services propos\u00e9s par le site\u00a0expo.coherences.com\/BLOG-HM\u00a0. L\u2019utilisateur fournit ces informations en toute connaissance de cause, notamment lorsqu\u2019il proc\u00e8de par lui-m\u00eame \u00e0 leur saisie. Il est alors pr\u00e9cis\u00e9 \u00e0 l\u2019utilisateur du site\u00a0\u00a0expo.coherences.com\/BLOG-HM\u00a0\u00a0l\u2019obligation ou non de fournir ces informations.<\/span><\/span><\/span><\/p><p align=\"justify\"><span style=\"font-family: Raleway, sans-serif;\"><span style=\"font-size: medium;\"><span style=\"color: #333333;\">Conform\u00e9ment aux dispositions des articles 38 et suivants de la loi 78-17 du 6 janvier 1978 relative \u00e0 l\u2019informatique, aux fichiers et aux libert\u00e9s, tout utilisateur dispose d\u2019un droit d\u2019acc\u00e8s, de rectification et d\u2019opposition aux donn\u00e9es personnelles le concernant, en effectuant sa demande \u00e9crite et sign\u00e9e, accompagn\u00e9e d\u2019une copie du titre d\u2019identit\u00e9 avec signature du titulaire de la pi\u00e8ce, en pr\u00e9cisant l\u2019adresse \u00e0 laquelle la r\u00e9ponse doit \u00eatre envoy\u00e9e.<\/span><\/span><\/span><\/p><p align=\"justify\"><span style=\"font-family: Raleway, sans-serif;\"><span style=\"font-size: medium;\"><span style=\"color: #333333;\">Aucune information personnelle de l\u2019utilisateur du site\u00a0\u00a0expo.coherences.com\/BLOG-HM\u00a0\u00a0n\u2019est publi\u00e9e \u00e0 l\u2019insu de l\u2019utilisateur, \u00e9chang\u00e9e, transf\u00e9r\u00e9e, c\u00e9d\u00e9e ou vendue sur un support quelconque \u00e0 des tiers. Seule l\u2019hypoth\u00e8se du rachat d\u2019\u00a0expo.coherences.com\/BLOG-HM\u00a0et de ses droits permettrait la transmission des dites informations \u00e0 l\u2019\u00e9ventuel acqu\u00e9reur qui serait \u00e0 son tour tenu de la m\u00eame obligation de conservation et de modification des donn\u00e9es\u00a0vis-\u00e0-vis\u00a0de l\u2019utilisateur du site\u00a0expo.coherences.com\/BLOG-HM\u00a0.<\/span><\/span><\/span><\/p><p align=\"justify\"><span style=\"font-family: Raleway, sans-serif;\"><span style=\"font-size: medium;\"><span style=\"color: #333333;\">\u00a0<\/span><\/span><\/span><\/p><p><span style=\"font-family: Raleway, sans-serif;\"><span style=\"font-size: medium;\"><b><span style=\"color: #333333;\">6. Liens hypertextes et cookies<\/span><\/b><\/span><\/span><\/p><p align=\"justify\"><span style=\"font-family: Raleway, sans-serif;\"><span style=\"font-size: medium;\"><span style=\"color: #333333;\">Le site\u00a0\u00a0\u00a0expo.coherences.com\/BLOG-HM\u00a0contient un certain nombre de liens hypertextes vers d\u2019autres sites, mis en place avec l\u2019autorisation d\u2019\u00a0expo.coherences.com\/BLOG-HM. Cependant,\u00a0expo.coherences.com\/BLOG-HM\u00a0n\u2019a pas la possibilit\u00e9 de v\u00e9rifier le contenu des sites ainsi visit\u00e9s, et n\u2019assumera en cons\u00e9quence aucune responsabilit\u00e9 de ce fait.<\/span><\/span><\/span><\/p><p align=\"justify\"><span style=\"font-family: Raleway, sans-serif;\"><span style=\"font-size: medium;\"><span style=\"color: #333333;\">La navigation sur le site\u00a0\u00a0expo.coherences.com\/BLOG-HM\u00a0\u00a0est susceptible de provoquer l\u2019installation de cookie(s) sur l\u2019ordinateur de l\u2019utilisateur. Un cookie est un fichier de petite taille, qui ne permet pas l\u2019identification de l\u2019utilisateur, mais qui enregistre des informations relatives \u00e0 la navigation d\u2019un ordinateur sur un site. Les donn\u00e9es ainsi obtenues visent \u00e0 faciliter la navigation ult\u00e9rieure sur le site, et ont \u00e9galement vocation \u00e0 permettre diverses mesures de fr\u00e9quentation.<\/span><\/span><\/span><\/p><p align=\"justify\"><span style=\"font-family: Raleway, sans-serif;\"><span style=\"font-size: medium;\"><span style=\"color: #333333;\">Le refus d\u2019installation d\u2019un cookie peut entra\u00eener l\u2019impossibilit\u00e9 d\u2019acc\u00e9der \u00e0 certains services. L\u2019utilisateur peut toutefois configurer son ordinateur de la mani\u00e8re suivante, pour refuser l\u2019installation des cookies :<\/span><\/span><\/span><\/p><p align=\"justify\"><span style=\"font-family: Raleway, sans-serif;\"><span style=\"font-size: medium;\"><span style=\"color: #333333;\">Sous Internet Explorer : onglet outil (pictogramme en forme de rouage en haut a droite) \/ options internet. Cliquez sur Confidentialit\u00e9 et choisissez Bloquer tous les cookies. Validez sur Ok.<\/span><\/span><\/span><\/p><p align=\"justify\"><span style=\"font-family: Raleway, sans-serif;\"><span style=\"font-size: medium;\"><span style=\"color: #333333;\">Sous Firefox : en haut de la fen\u00eatre du navigateur, cliquez sur le bouton Firefox, puis aller dans l\u2019onglet Options. Cliquer sur l\u2019onglet Vie priv\u00e9e. Param\u00e9trez les R\u00e8gles de conservation sur : utiliser les param\u00e8tres personnalis\u00e9s pour l\u2019historique. Enfin d\u00e9cochez-la pour d\u00e9sactiver les cookies.<\/span><\/span><\/span><\/p><p align=\"justify\"><span style=\"font-family: Raleway, sans-serif;\"><span style=\"font-size: medium;\"><span style=\"color: #333333;\">Sous Safari : Cliquez en haut \u00e0 droite du navigateur sur le pictogramme de menu (symbolis\u00e9 par un rouage). S\u00e9lectionnez Param\u00e8tres. Cliquez sur Afficher les param\u00e8tres avanc\u00e9s. Dans la section \u201cConfidentialit\u00e9\u201d, cliquez sur Param\u00e8tres de contenu. Dans la section \u201cCookies\u201d, vous pouvez bloquer les cookies.<\/span><\/span><\/span><\/p><p align=\"justify\"><span style=\"font-family: Raleway, sans-serif;\"><span style=\"font-size: medium;\"><span style=\"color: #333333;\">Sous Chrome : Cliquez en haut \u00e0 droite du navigateur sur le pictogramme de menu (symbolis\u00e9 par trois lignes horizontales). S\u00e9lectionnez Param\u00e8tres. Cliquez sur Afficher les param\u00e8tres avanc\u00e9s. Dans la section \u201cConfidentialit\u00e9\u201d, cliquez sur pr\u00e9f\u00e9rences. Dans l\u2019onglet \u201cConfidentialit\u00e9\u201d, vous pouvez bloquer les cookies.<\/span><\/span><\/span><\/p><p align=\"justify\"><span style=\"font-family: Raleway, sans-serif;\"><span style=\"font-size: medium;\"><span style=\"color: #333333;\">\u00a0<\/span><\/span><\/span><\/p><p><span style=\"font-family: Raleway, sans-serif;\"><span style=\"font-size: medium;\"><b><span style=\"color: #333333;\">7. Droit applicable et attribution de juridiction<\/span><\/b><\/span><\/span><\/p><p align=\"justify\"><span style=\"font-family: Raleway, sans-serif;\"><span style=\"font-size: medium;\"><span style=\"color: #333333;\">Tout litige en relation avec l\u2019utilisation du site\u00a0\u00a0expo.coherences.com\/BLOG-HM\u00a0\u00a0est soumis au droit fran\u00e7ais. Il est fait attribution exclusive de juridiction aux tribunaux comp\u00e9tents de Paris.<\/span><\/span><\/span><\/p><p align=\"justify\"><span style=\"font-family: Raleway, sans-serif;\"><span style=\"font-size: medium;\"><span style=\"color: #333333;\">\u00a0<\/span><\/span><\/span><\/p><p><span style=\"font-family: Raleway, sans-serif;\"><span style=\"font-size: medium;\"><b><span style=\"color: #333333;\">8. Les principales lois concern\u00e9es<\/span><\/b><\/span><\/span><\/p><p align=\"justify\"><span style=\"font-family: Raleway, sans-serif;\"><span style=\"font-size: medium;\"><span style=\"color: #333333;\">Loi n\u00b0 78-17 du 6 janvier 1978, notamment modifi\u00e9e par la loi n\u00b0 2004-801 du 6 ao\u00fbt 2004 relative \u00e0 l\u2019informatique, aux fichiers et aux libert\u00e9s.<\/span><\/span><\/span><\/p><p align=\"justify\"><span style=\"font-family: Raleway, sans-serif;\"><span style=\"font-size: medium;\"><span style=\"color: #333333;\">Loi n\u00b0 2004-575 du 21 juin 2004 pour la confiance dans l\u2019\u00e9conomie num\u00e9rique.<\/span><\/span><\/span><\/p><p align=\"justify\"><span style=\"font-family: Raleway, sans-serif;\"><span style=\"font-size: medium;\"><span style=\"color: #333333;\">\u00a0<\/span><\/span><\/span><\/p><p><span style=\"font-family: Raleway, sans-serif;\"><span style=\"font-size: medium;\"><b><span style=\"color: #333333;\">9. Lexique<\/span><\/b><\/span><\/span><\/p><p align=\"justify\"><span style=\"font-family: Raleway, sans-serif;\"><span style=\"font-size: medium;\"><span style=\"color: #333333;\">Utilisateur : Internaute se connectant, utilisant le site susnomm\u00e9.<\/span><\/span><\/span><\/p><p align=\"justify\"><span style=\"font-family: Raleway, sans-serif;\"><span style=\"font-size: medium;\"><span style=\"color: #333333;\">Informations personnelles : \u00ab les informations qui permettent, sous quelque forme que ce soit, directement ou non, l\u2019identification des personnes physiques auxquelles elles s\u2019appliquent \u00bb (article 4 de la loi n\u00b0 78-17 du 6 janvier 1978).<\/span><\/span><\/span><\/p>\t\t\t\t\t\t\t\t<\/div>\n\t\t\t\t<\/div>\n\t\t\t\t\t<\/div>\n\t\t<\/div>\n\t\t\t\t\t<\/div>\n\t\t<\/section>\n\t\t\t\t<\/div>\n\t\t","protected":false},"excerpt":{"rendered":"<p>En vertu de l\u2019article 6 de la loi n\u00b0 2004-575 du 21 juin 2004 pour la confiance dans l\u2019\u00e9conomie num\u00e9rique,&#8230;<\/p>\n","protected":false},"author":674,"featured_media":0,"parent":0,"menu_order":0,"comment_status":"closed","ping_status":"closed","template":"full_width.php","meta":{"footnotes":""},"class_list":["post-660","page","type-page","status-publish","hentry"],"jetpack_sharing_enabled":true,"_links":{"self":[{"href":"http:\/\/expo.coherences.com\/BLOG-HM\/wp-json\/wp\/v2\/pages\/660","targetHints":{"allow":["GET"]}}],"collection":[{"href":"http:\/\/expo.coherences.com\/BLOG-HM\/wp-json\/wp\/v2\/pages"}],"about":[{"href":"http:\/\/expo.coherences.com\/BLOG-HM\/wp-json\/wp\/v2\/types\/page"}],"author":[{"embeddable":true,"href":"http:\/\/expo.coherences.com\/BLOG-HM\/wp-json\/wp\/v2\/users\/674"}],"replies":[{"embeddable":true,"href":"http:\/\/expo.coherences.com\/BLOG-HM\/wp-json\/wp\/v2\/comments?post=660"}],"version-history":[{"count":8,"href":"http:\/\/expo.coherences.com\/BLOG-HM\/wp-json\/wp\/v2\/pages\/660\/revisions"}],"predecessor-version":[{"id":738,"href":"http:\/\/expo.coherences.com\/BLOG-HM\/wp-json\/wp\/v2\/pages\/660\/revisions\/738"}],"wp:attachment":[{"href":"http:\/\/expo.coherences.com\/BLOG-HM\/wp-json\/wp\/v2\/media?parent=660"}],"curies":[{"name":"wp","href":"https:\/\/api.w.org\/{rel}","templated":true}]}}