{"id":625,"date":"2016-06-24T15:00:03","date_gmt":"2016-06-24T14:00:03","guid":{"rendered":"http:\/\/bridge58.qodeinteractive.com\/?page_id=5"},"modified":"2020-10-27T09:05:36","modified_gmt":"2020-10-27T08:05:36","slug":"accueil","status":"publish","type":"page","link":"http:\/\/expo.coherences.com\/BLOG-HM\/","title":{"rendered":"accueil"},"content":{"rendered":"<p>[vc_row row_type=\u00a0\u00bbparallax\u00a0\u00bb parallax_content_width=\u00a0\u00bbin_grid\u00a0\u00bb text_align=\u00a0\u00bbcenter\u00a0\u00bb full_screen_section_height=\u00a0\u00bbno\u00a0\u00bb background_image=\u00a0\u00bb6&Prime;][vc_column offset=\u00a0\u00bbvc_col-lg-offset-2 vc_col-lg-8 vc_col-md-offset-1 vc_col-md-10&Prime; css=\u00a0\u00bb.vc_custom_1466781117680{padding-top: 16.9% !important;padding-right: 5% !important;padding-left: 5% !important;}\u00a0\u00bb][vc_single_image image=\u00a0\u00bb7&Prime; img_size=\u00a0\u00bbfull\u00a0\u00bb alignment=\u00a0\u00bbcenter\u00a0\u00bb qode_css_animation=\u00a0\u00bb\u00a0\u00bb][vc_row_inner row_type=\u00a0\u00bbrow\u00a0\u00bb type=\u00a0\u00bbfull_width\u00a0\u00bb text_align=\u00a0\u00bbcenter\u00a0\u00bb css_animation=\u00a0\u00bb\u00a0\u00bb][vc_column_inner css=\u00a0\u00bb.vc_custom_1466781257646{padding-top: 17.2% !important;}\u00a0\u00bb][vc_column_text]<\/p>\n<h2>L&rsquo;esprit du bois<\/h2>\n<p>[\/vc_column_text][vc_empty_space][vc_column_text]<\/p>\n<p style=\"text-align: center;\"><span style=\"color: #999999;\">Vous trouverez dans ce secteur des informations relatives \u00e0 <strong>l&rsquo;artiste<\/strong>, son art, sa technique et ses travaux.<\/span><\/p>\n<p style=\"text-align: center;\"><span style=\"color: #999999;\">Son travail <strong>philosophique<\/strong> sera aussi pr\u00e9sent\u00e9 lorsqu&rsquo;il est en rapport avec l&rsquo;art et ses <strong>processus<\/strong>, son inspiration <strong>spirituelle<\/strong>, ses modalit\u00e9s <strong>imaginaires<\/strong> et sa signification personnelle et <strong>culturelle<\/strong>.<\/span><\/p>\n<p style=\"text-align: center;\"><span style=\"color: #999999;\">Outre le vecteur artistique, l&rsquo;auteur \u00e0 d\u00e9ploy\u00e9 une pens\u00e9e et des m\u00e9thodes d&rsquo;ing\u00e9nierie humaine : <strong>l&rsquo;Humanisme M\u00e9thodologique<\/strong>. Il est pr\u00e9sent\u00e9 sur plusieurs sites et notamment celui qui comporte sa production et les ressources de plus de 35 ann\u00e9es de travail :<\/span><\/p>\n<p style=\"text-align: center;\"><a href=\"http:\/\/nouvelles.coherences.com\/BLOG-HM\/\" target=\"_blank\" rel=\"noopener noreferrer\">L&rsquo;\u00e9cole d&rsquo;Humanisme M\u00e9thodologique<\/a><\/p>\n<p>[\/vc_column_text][vc_empty_space height=\u00a0\u00bb93px\u00a0\u00bb][\/vc_column_inner][\/vc_row_inner][\/vc_column][\/vc_row][vc_row css_animation=\u00a0\u00bb\u00a0\u00bb row_type=\u00a0\u00bbrow\u00a0\u00bb use_row_as_full_screen_section=\u00a0\u00bbno\u00a0\u00bb type=\u00a0\u00bbfull_width\u00a0\u00bb angled_section=\u00a0\u00bbno\u00a0\u00bb text_align=\u00a0\u00bbcenter\u00a0\u00bb background_image_as_pattern=\u00a0\u00bbwithout_pattern\u00a0\u00bb css=\u00a0\u00bb.vc_custom_1467198619496{padding-top: 142px !important;padding-bottom: 91px !important;}\u00a0\u00bb][vc_column][vc_column_text]<\/p>\n<h2>Galerie<\/h2>\n<p>[\/vc_column_text][\/vc_column][\/vc_row][vc_row css_animation=\u00a0\u00bb\u00a0\u00bb row_type=\u00a0\u00bbrow\u00a0\u00bb use_row_as_full_screen_section=\u00a0\u00bbno\u00a0\u00bb type=\u00a0\u00bbfull_width\u00a0\u00bb angled_section=\u00a0\u00bbno\u00a0\u00bb text_align=\u00a0\u00bbleft\u00a0\u00bb background_image_as_pattern=\u00a0\u00bbwithout_pattern\u00a0\u00bb css=\u00a0\u00bb.vc_custom_1467198693919{padding-bottom: 73px !important;}\u00a0\u00bb][vc_column][qode_elements_holder number_of_columns=\u00a0\u00bbone_column\u00a0\u00bb][qode_elements_holder_item advanced_animations=\u00a0\u00bbno\u00a0\u00bb item_padding=\u00a0\u00bb0 12px\u00a0\u00bb]<div class='projects_holder_outer justified_gallery '>\n    \n    <div class='projects_holder portfolio_main_holder clearfix portfolio_full_image ' data-spacing='12' data-row-height='300' data-last-row='justify' data-justify-threshold='0.75'>\n        <article class='portfolio_category_29 default' style=''>\n    \n    \n    \n        <div class=\"item_holder subtle_vertical_hover\">\n\n                <div class=\"text_holder\">\n        <div class=\"text_holder_outer\">\n            <div class=\"text_holder_inner\">\n            \n    <h3 itemprop=\"name\" class=\"portfolio_title entry_title\"><a itemprop=\"url\" href=\"http:\/\/expo.coherences.com\/BLOG-HM\/portfolio_page\/les-grandes-ames\/\" style=\"color: #303030\" target=\"_self\"> Les grandes \u00e2mes<\/a><\/h3>\n\n    <span class=\"project_category\" style=\"color: #ababab\" >\n    Les grandes \u00c2mes    <\/span>\n                            <div class=\"icons_holder\">\n\n                                \n                                \n                                \n                            <\/div>\n                                    <\/div>\n        <\/div>\n    <\/div>\n\n            \n            <div style=\"background-color: rgba(255,255,255,0.95)\" class=\"portfolio_shader\"><\/div>\n        <\/div>\n\n        <a itemprop=\"url\" class=\"portfolio_jg_image_link image_holder subtle_vertical_hover\" href=\"http:\/\/expo.coherences.com\/BLOG-HM\/portfolio_page\/les-grandes-ames\/\" target=\"\">\n    <img fetchpriority=\"high\" decoding=\"async\" width=\"597\" height=\"396\" src=\"http:\/\/expo.coherences.com\/BLOG-HM\/files\/2016\/06\/c082-0372.jpg\" class=\"attachment-full size-full wp-post-image\" alt=\"Les grandes \u00e2mes\" srcset=\"http:\/\/expo.coherences.com\/BLOG-HM\/files\/2016\/06\/c082-0372.jpg 597w, http:\/\/expo.coherences.com\/BLOG-HM\/files\/2016\/06\/c082-0372-300x199.jpg 300w\" sizes=\"(max-width: 597px) 100vw, 597px\" \/><\/a>\n    <\/article><article class='portfolio_category_33 default' style=''>\n    \n    \n    \n        <div class=\"item_holder subtle_vertical_hover\">\n\n                <div class=\"text_holder\">\n        <div class=\"text_holder_outer\">\n            <div class=\"text_holder_inner\">\n            \n    <h3 itemprop=\"name\" class=\"portfolio_title entry_title\"><a itemprop=\"url\" href=\"http:\/\/expo.coherences.com\/BLOG-HM\/portfolio_page\/en-liberte\/\" style=\"color: #303030\" target=\"_self\"> En libert\u00e9<\/a><\/h3>\n\n    <span class=\"project_category\" style=\"color: #ababab\" >\n    En libert\u00e9    <\/span>\n                            <div class=\"icons_holder\">\n\n                                \n                                \n                                \n                            <\/div>\n                                    <\/div>\n        <\/div>\n    <\/div>\n\n            \n            <div style=\"background-color: rgba(255,255,255,0.95)\" class=\"portfolio_shader\"><\/div>\n        <\/div>\n\n        <a itemprop=\"url\" class=\"portfolio_jg_image_link image_holder subtle_vertical_hover\" href=\"http:\/\/expo.coherences.com\/BLOG-HM\/portfolio_page\/en-liberte\/\" target=\"\">\n    <img decoding=\"async\" width=\"715\" height=\"600\" src=\"http:\/\/expo.coherences.com\/BLOG-HM\/files\/2020\/09\/img_1679b.jpg\" class=\"attachment-full size-full wp-post-image\" alt=\"En libert\u00e9\" srcset=\"http:\/\/expo.coherences.com\/BLOG-HM\/files\/2020\/09\/img_1679b.jpg 715w, http:\/\/expo.coherences.com\/BLOG-HM\/files\/2020\/09\/img_1679b-300x252.jpg 300w, http:\/\/expo.coherences.com\/BLOG-HM\/files\/2020\/09\/img_1679b-700x587.jpg 700w\" sizes=\"(max-width: 715px) 100vw, 715px\" \/><\/a>\n    <\/article><article class='portfolio_category_32 default' style=''>\n    \n    \n    \n        <div class=\"item_holder subtle_vertical_hover\">\n\n                <div class=\"text_holder\">\n        <div class=\"text_holder_outer\">\n            <div class=\"text_holder_inner\">\n            \n    <h3 itemprop=\"name\" class=\"portfolio_title entry_title\"><a itemprop=\"url\" href=\"http:\/\/expo.coherences.com\/BLOG-HM\/portfolio_page\/le-salon\/\" style=\"color: #303030\" target=\"_self\"> Le salon<\/a><\/h3>\n\n    <span class=\"project_category\" style=\"color: #ababab\" >\n    Le salon    <\/span>\n                            <div class=\"icons_holder\">\n\n                                \n                                \n                                \n                            <\/div>\n                                    <\/div>\n        <\/div>\n    <\/div>\n\n            \n            <div style=\"background-color: rgba(255,255,255,0.95)\" class=\"portfolio_shader\"><\/div>\n        <\/div>\n\n        <a itemprop=\"url\" class=\"portfolio_jg_image_link image_holder subtle_vertical_hover\" href=\"http:\/\/expo.coherences.com\/BLOG-HM\/portfolio_page\/le-salon\/\" target=\"\">\n    <img decoding=\"async\" width=\"592\" height=\"401\" src=\"http:\/\/expo.coherences.com\/BLOG-HM\/files\/2020\/10\/C082.0143.jpg\" class=\"attachment-full size-full wp-post-image\" alt=\"Le salon\" srcset=\"http:\/\/expo.coherences.com\/BLOG-HM\/files\/2020\/10\/C082.0143.jpg 592w, http:\/\/expo.coherences.com\/BLOG-HM\/files\/2020\/10\/C082.0143-300x203.jpg 300w\" sizes=\"(max-width: 592px) 100vw, 592px\" \/><\/a>\n    <\/article><article class='portfolio_category_30 default' style=''>\n    \n    \n    \n        <div class=\"item_holder subtle_vertical_hover\">\n\n                <div class=\"text_holder\">\n        <div class=\"text_holder_outer\">\n            <div class=\"text_holder_inner\">\n            \n    <h3 itemprop=\"name\" class=\"portfolio_title entry_title\"><a itemprop=\"url\" href=\"http:\/\/expo.coherences.com\/BLOG-HM\/portfolio_page\/les-temoins\/\" style=\"color: #303030\" target=\"_self\"> Les t\u00e9moins<\/a><\/h3>\n\n    <span class=\"project_category\" style=\"color: #ababab\" >\n    Les t\u00e9moins    <\/span>\n                            <div class=\"icons_holder\">\n\n                                \n                                \n                                \n                            <\/div>\n                                    <\/div>\n        <\/div>\n    <\/div>\n\n            \n            <div style=\"background-color: rgba(255,255,255,0.95)\" class=\"portfolio_shader\"><\/div>\n        <\/div>\n\n        <a itemprop=\"url\" class=\"portfolio_jg_image_link image_holder subtle_vertical_hover\" href=\"http:\/\/expo.coherences.com\/BLOG-HM\/portfolio_page\/les-temoins\/\" target=\"\">\n    <img loading=\"lazy\" decoding=\"async\" width=\"394\" height=\"528\" src=\"http:\/\/expo.coherences.com\/BLOG-HM\/files\/2020\/10\/c082-0902.jpg\" class=\"attachment-full size-full wp-post-image\" alt=\"Les t\u00e9moins\" srcset=\"http:\/\/expo.coherences.com\/BLOG-HM\/files\/2020\/10\/c082-0902.jpg 394w, http:\/\/expo.coherences.com\/BLOG-HM\/files\/2020\/10\/c082-0902-224x300.jpg 224w\" sizes=\"(max-width: 394px) 100vw, 394px\" \/><\/a>\n    <\/article><article class='portfolio_category_31 default' style=''>\n    \n    \n    \n        <div class=\"item_holder subtle_vertical_hover\">\n\n                <div class=\"text_holder\">\n        <div class=\"text_holder_outer\">\n            <div class=\"text_holder_inner\">\n            \n    <h3 itemprop=\"name\" class=\"portfolio_title entry_title\"><a itemprop=\"url\" href=\"http:\/\/expo.coherences.com\/BLOG-HM\/portfolio_page\/le-bestiaire\/\" style=\"color: #303030\" target=\"_self\"> Le bestiaire<\/a><\/h3>\n\n    <span class=\"project_category\" style=\"color: #ababab\" >\n    Le bestiaire    <\/span>\n                            <div class=\"icons_holder\">\n\n                                \n                                \n                                \n                            <\/div>\n                                    <\/div>\n        <\/div>\n    <\/div>\n\n            \n            <div style=\"background-color: rgba(255,255,255,0.95)\" class=\"portfolio_shader\"><\/div>\n        <\/div>\n\n        <a itemprop=\"url\" class=\"portfolio_jg_image_link image_holder subtle_vertical_hover\" href=\"http:\/\/expo.coherences.com\/BLOG-HM\/portfolio_page\/le-bestiaire\/\" target=\"\">\n    <img loading=\"lazy\" decoding=\"async\" width=\"557\" height=\"418\" src=\"http:\/\/expo.coherences.com\/BLOG-HM\/files\/2020\/10\/c082-0862.jpg\" class=\"attachment-full size-full wp-post-image\" alt=\"LE BESTIAIRE\" srcset=\"http:\/\/expo.coherences.com\/BLOG-HM\/files\/2020\/10\/c082-0862.jpg 557w, http:\/\/expo.coherences.com\/BLOG-HM\/files\/2020\/10\/c082-0862-300x225.jpg 300w\" sizes=\"(max-width: 557px) 100vw, 557px\" \/><\/a>\n    <\/article><article class='portfolio_category_22 default' style=''>\n    \n    \n    \n        <div class=\"item_holder subtle_vertical_hover\">\n\n                <div class=\"text_holder\">\n        <div class=\"text_holder_outer\">\n            <div class=\"text_holder_inner\">\n            \n    <h3 itemprop=\"name\" class=\"portfolio_title entry_title\"><a itemprop=\"url\" href=\"http:\/\/expo.coherences.com\/BLOG-HM\/portfolio_page\/avignon-avril-2013\/\" style=\"color: #303030\" target=\"_self\"> Avignon Avril 2013<\/a><\/h3>\n\n    <span class=\"project_category\" style=\"color: #ababab\" >\n    Exposition    <\/span>\n                            <div class=\"icons_holder\">\n\n                                \n                                \n                                \n                            <\/div>\n                                    <\/div>\n        <\/div>\n    <\/div>\n\n            \n            <div style=\"background-color: rgba(255,255,255,0.95)\" class=\"portfolio_shader\"><\/div>\n        <\/div>\n\n        <a itemprop=\"url\" class=\"portfolio_jg_image_link image_holder subtle_vertical_hover\" href=\"http:\/\/expo.coherences.com\/BLOG-HM\/portfolio_page\/avignon-avril-2013\/\" target=\"\">\n    <img decoding=\"async\" width=\"715\" height=\"600\" src=\"http:\/\/expo.coherences.com\/BLOG-HM\/files\/2020\/09\/img_1679b.jpg\" class=\"attachment-full size-full wp-post-image\" alt=\"En libert\u00e9\" srcset=\"http:\/\/expo.coherences.com\/BLOG-HM\/files\/2020\/09\/img_1679b.jpg 715w, http:\/\/expo.coherences.com\/BLOG-HM\/files\/2020\/09\/img_1679b-300x252.jpg 300w, http:\/\/expo.coherences.com\/BLOG-HM\/files\/2020\/09\/img_1679b-700x587.jpg 700w\" sizes=\"(max-width: 715px) 100vw, 715px\" \/><\/a>\n    <\/article>\n    <\/div>\n\n                    <div class=\"portfolio_paging\"><span rel=\"3\" class=\"load_more\"><a href=\"http:\/\/expo.coherences.com\/BLOG-HM\/wp-json\/wp\/v2\/pages\/625\/page\/2\/\" >Show more<\/a><\/span><\/div>\n        <div class=\"portfolio_paging_loading\"><a href=\"javascript: void(0)\" class=\"qbutton\">Loading...<\/a><\/div>\n\n    \n    <\/div>[\/qode_elements_holder_item][\/qode_elements_holder][\/vc_column][\/vc_row]<\/p>\n","protected":false},"excerpt":{"rendered":"<p>[vc_row row_type=\u00a0\u00bbparallax\u00a0\u00bb parallax_content_width=\u00a0\u00bbin_grid\u00a0\u00bb text_align=\u00a0\u00bbcenter\u00a0\u00bb full_screen_section_height=\u00a0\u00bbno\u00a0\u00bb background_image=\u00a0\u00bb6&Prime;][vc_column offset=\u00a0\u00bbvc_col-lg-offset-2 vc_col-lg-8 vc_col-md-offset-1 vc_col-md-10&Prime; css=\u00a0\u00bb.vc_custom_1466781117680{padding-top: 16.9% !important;padding-right: 5% !important;padding-left: 5% !important;}\u00a0\u00bb][vc_single_image image=\u00a0\u00bb7&Prime; img_size=\u00a0\u00bbfull\u00a0\u00bb alignment=\u00a0\u00bbcenter\u00a0\u00bb&#8230;<\/p>\n","protected":false},"author":674,"featured_media":0,"parent":0,"menu_order":0,"comment_status":"closed","ping_status":"closed","template":"full_width.php","meta":{"footnotes":""},"class_list":["post-625","page","type-page","status-publish","hentry"],"jetpack_sharing_enabled":true,"_links":{"self":[{"href":"http:\/\/expo.coherences.com\/BLOG-HM\/wp-json\/wp\/v2\/pages\/625","targetHints":{"allow":["GET"]}}],"collection":[{"href":"http:\/\/expo.coherences.com\/BLOG-HM\/wp-json\/wp\/v2\/pages"}],"about":[{"href":"http:\/\/expo.coherences.com\/BLOG-HM\/wp-json\/wp\/v2\/types\/page"}],"author":[{"embeddable":true,"href":"http:\/\/expo.coherences.com\/BLOG-HM\/wp-json\/wp\/v2\/users\/674"}],"replies":[{"embeddable":true,"href":"http:\/\/expo.coherences.com\/BLOG-HM\/wp-json\/wp\/v2\/comments?post=625"}],"version-history":[{"count":4,"href":"http:\/\/expo.coherences.com\/BLOG-HM\/wp-json\/wp\/v2\/pages\/625\/revisions"}],"predecessor-version":[{"id":954,"href":"http:\/\/expo.coherences.com\/BLOG-HM\/wp-json\/wp\/v2\/pages\/625\/revisions\/954"}],"wp:attachment":[{"href":"http:\/\/expo.coherences.com\/BLOG-HM\/wp-json\/wp\/v2\/media?parent=625"}],"curies":[{"name":"wp","href":"https:\/\/api.w.org\/{rel}","templated":true}]}}